{"id":181,"date":"2014-07-26T17:50:15","date_gmt":"2014-07-26T17:50:15","guid":{"rendered":"http:\/\/www.suncitybeachclub.com\/new\/services-2\/"},"modified":"2019-05-06T08:32:26","modified_gmt":"2019-05-06T08:32:26","slug":"services","status":"publish","type":"page","link":"https:\/\/www.yesmarina.com\/tr\/services\/","title":{"rendered":"Hizmetlerimiz"},"content":{"rendered":"<h2>Yes Marina Hizmetleri<\/h2>\n<div class=\"column one-second mobile-one\"><div class=\"mcb-column-inner\"><\/p>\n<p><a href=\"http:\/\/www.yesmarina.com\/wp-content\/uploads\/2014\/07\/yes3b.jpg\" data-rel=\"lightbox-image-0\" data-rl_title=\"\" data-rl_caption=\"\" title=\"\"><img loading=\"lazy\" decoding=\"async\" class=\"size-full wp-image-73\" src=\"http:\/\/www.yesmarina.com\/wp-content\/uploads\/2014\/07\/yes3b.jpg\" alt=\"Yes Marina services Fethiye Turkey\" width=\"790\" height=\"590\" srcset=\"https:\/\/www.yesmarina.com\/wp-content\/uploads\/2014\/07\/yes3b.jpg 790w, https:\/\/www.yesmarina.com\/wp-content\/uploads\/2014\/07\/yes3b-300x224.jpg 300w, https:\/\/www.yesmarina.com\/wp-content\/uploads\/2014\/07\/yes3b-195x146.jpg 195w, https:\/\/www.yesmarina.com\/wp-content\/uploads\/2014\/07\/yes3b-50x37.jpg 50w, https:\/\/www.yesmarina.com\/wp-content\/uploads\/2014\/07\/yes3b-576x430.jpg 576w\" sizes=\"auto, (max-width:767px) 480px, (max-width:790px) 100vw, 790px\" \/><\/a><\/p>\n<p><\/div><\/div>\n\n<div class=\"column one-second mobile-one\"><div class=\"mcb-column-inner\"><\/p>\n<ul>\n<li>D\u0131\u015f iskelede ve i\u00e7 iskelede tonozlu ba\u011flama<\/li>\n<li>Her tekneye elektrik &amp; su ba\u011flant\u0131s\u0131<\/li>\n<li>Market<\/li>\n<li>Teknik servis hizmeti<\/li>\n<li>Tekne i\u00e7i ve d\u0131\u015f\u0131 temizlik hizmeti<\/li>\n<li>Cafe &amp; Bar &amp; Restoran<\/li>\n<li>Y\u00fczme Havuzu<\/li>\n<li><span style=\"color: #ff0000;\">Yeni*<\/span> Tuvalet &amp; Du\u015f (s\u0131cak su)<\/li>\n<li>Telefon &amp; Fax<\/li>\n<li>\u00dccretsiz WLAN &amp; \u0130nternet<\/li>\n<li>G\u00fcnl\u00fck hava tahminleri<\/li>\n<li>Mavi kart sat\u0131\u015f\u0131<\/li>\n<li>\u00c7\u00f6p, at\u0131k ya\u011f ve sintine suyu toplama<\/li>\n<li>Pis su tank\u0131 bo\u015faltma hizmeti<\/li>\n<li>24 saat haz\u0131r personel<\/li>\n<li>\u00c7ama\u015f\u0131r y\u0131kama hizmeti<\/li>\n<li>Araba kiralama<\/li>\n<li>Tarihi ve do\u011fal g\u00fczellikleri g\u00f6rebilece\u011finiz g\u00fcnl\u00fck turlar<\/li>\n<li>Marina \u00f6n\u00fcnden her 5-10 dakikada minib\u00fcsler ge\u00e7mektedir<\/li>\n<\/ul>\n<p><\/div><\/div>\n\n<p>&nbsp;<\/p>\n","protected":false},"excerpt":{"rendered":"<p>Yes Marina Hizmetleri &nbsp;<\/p>\n","protected":false},"author":1,"featured_media":0,"parent":0,"menu_order":0,"comment_status":"open","ping_status":"closed","template":"","meta":{"footnotes":""},"class_list":["post-181","page","type-page","status-publish","hentry"],"aioseo_notices":[],"_links":{"self":[{"href":"https:\/\/www.yesmarina.com\/tr\/wp-json\/wp\/v2\/pages\/181","targetHints":{"allow":["GET"]}}],"collection":[{"href":"https:\/\/www.yesmarina.com\/tr\/wp-json\/wp\/v2\/pages"}],"about":[{"href":"https:\/\/www.yesmarina.com\/tr\/wp-json\/wp\/v2\/types\/page"}],"author":[{"embeddable":true,"href":"https:\/\/www.yesmarina.com\/tr\/wp-json\/wp\/v2\/users\/1"}],"replies":[{"embeddable":true,"href":"https:\/\/www.yesmarina.com\/tr\/wp-json\/wp\/v2\/comments?post=181"}],"version-history":[{"count":0,"href":"https:\/\/www.yesmarina.com\/tr\/wp-json\/wp\/v2\/pages\/181\/revisions"}],"wp:attachment":[{"href":"https:\/\/www.yesmarina.com\/tr\/wp-json\/wp\/v2\/media?parent=181"}],"curies":[{"name":"wp","href":"https:\/\/api.w.org\/{rel}","templated":true}]}}