{"id":161,"date":"2014-07-26T21:33:34","date_gmt":"2014-07-26T21:33:34","guid":{"rendered":"http:\/\/www.suncitybeachclub.com\/new\/about-2\/"},"modified":"2015-05-04T04:22:36","modified_gmt":"2015-05-04T04:22:36","slug":"hakkimizda","status":"publish","type":"page","link":"https:\/\/www.yesmarina.com\/tr\/hakkimizda\/","title":{"rendered":"Yes Marina Hakk\u0131nda"},"content":{"rendered":"<div class=\"column one-second mobile-one\"><div class=\"mcb-column-inner\"><a href=\"http:\/\/www.yesmarina.com\/wp-content\/uploads\/2014\/07\/g11.jpg\" data-rel=\"lightbox-image-0\" data-rl_title=\"\" data-rl_caption=\"\" title=\"\"><img loading=\"lazy\" decoding=\"async\" class=\"alignleft size-full wp-image-156\" src=\"http:\/\/www.yesmarina.com\/wp-content\/uploads\/2014\/07\/g11.jpg\" alt=\"Yes Marina Fethiye Turkey\" width=\"655\" height=\"435\" srcset=\"https:\/\/www.yesmarina.com\/wp-content\/uploads\/2014\/07\/g11.jpg 655w, https:\/\/www.yesmarina.com\/wp-content\/uploads\/2014\/07\/g11-300x199.jpg 300w, https:\/\/www.yesmarina.com\/wp-content\/uploads\/2014\/07\/g11-219x146.jpg 219w, https:\/\/www.yesmarina.com\/wp-content\/uploads\/2014\/07\/g11-50x33.jpg 50w, https:\/\/www.yesmarina.com\/wp-content\/uploads\/2014\/07\/g11-576x382.jpg 576w\" sizes=\"auto, (max-width:767px) 480px, 655px\" \/><\/a><\/div><\/div>\n\n<div class=\"column one-second mobile-one\"><div class=\"mcb-column-inner\"><\/p>\n<p>Yes Marina, Fethiye K\u00f6rfezi&#8217;nin i\u00e7inde, g\u00fcneybat\u0131 sahilinde, liman\u0131n bir deniz mili bat\u0131s\u0131ndad\u0131r.<\/p>\n<p>\u015eehir merkezine sadece 15dk. y\u00fcr\u00fcme mesafesinde olup, \u00f6n\u00fcnden her 5-10dk. da minib\u00fcsler ge\u00e7mektedir.<\/p>\n<p>Yes Marina&#8217;n\u0131n iskelesinde yakla\u015f\u0131k 30 tekne (max. 25m.) 3-5m. derinlikte, tonozlarda g\u00fcvenli bir \u015fekilde konaklayabilir.<\/p>\n<p>Her tekneye \u00f6zel 16 amp. elektrik, i\u00e7me suyu imkan\u0131, WC, s\u0131cak sulu du\u015flar\u0131 ile t\u00fcm konforunuz kar\u015f\u0131lan\u0131r.<\/p>\n<p>Yes Marina&#8217;da market, teknik servis, taksi, \u00e7ama\u015f\u0131r y\u0131kama, ayr\u0131ca \u00fccretsiz WLAN ve bilgisayar hizmetleri verilir.<\/p>\n<p>Restaurant-cafe-bar&#8217;\u0131n zengin ve lezzetli men\u00fcs\u00fc ve kaliteli servisi ile sizleri daha mutlu edecektir.<\/p>\n<p><\/div><\/div>\n\n","protected":false},"excerpt":{"rendered":"Yes Marina, Fethiye K\u00f6rfezi'nin i\u00e7inde, g\u00fcneybat\u0131 sahilinde, liman\u0131n bir deniz mili bat\u0131s\u0131ndad\u0131r. \u015eehir merkezine sadece 15dk. y\u00fcr\u00fcme mesafesinde olup, \u00f6n\u00fcnden her 5-10dk. da minib\u00fcsler ge\u00e7mektedir. Yes<span class=\"excerpt-hellip\"> [\u2026]<\/span>","protected":false},"author":1,"featured_media":0,"parent":0,"menu_order":0,"comment_status":"open","ping_status":"closed","template":"","meta":{"footnotes":""},"class_list":["post-161","page","type-page","status-publish","hentry"],"aioseo_notices":[],"_links":{"self":[{"href":"https:\/\/www.yesmarina.com\/tr\/wp-json\/wp\/v2\/pages\/161","targetHints":{"allow":["GET"]}}],"collection":[{"href":"https:\/\/www.yesmarina.com\/tr\/wp-json\/wp\/v2\/pages"}],"about":[{"href":"https:\/\/www.yesmarina.com\/tr\/wp-json\/wp\/v2\/types\/page"}],"author":[{"embeddable":true,"href":"https:\/\/www.yesmarina.com\/tr\/wp-json\/wp\/v2\/users\/1"}],"replies":[{"embeddable":true,"href":"https:\/\/www.yesmarina.com\/tr\/wp-json\/wp\/v2\/comments?post=161"}],"version-history":[{"count":0,"href":"https:\/\/www.yesmarina.com\/tr\/wp-json\/wp\/v2\/pages\/161\/revisions"}],"wp:attachment":[{"href":"https:\/\/www.yesmarina.com\/tr\/wp-json\/wp\/v2\/media?parent=161"}],"curies":[{"name":"wp","href":"https:\/\/api.w.org\/{rel}","templated":true}]}}