{"id":160,"date":"2014-07-26T21:33:34","date_gmt":"2014-07-26T21:33:34","guid":{"rendered":"http:\/\/www.suncitybeachclub.com\/new\/about-2\/"},"modified":"2015-05-04T04:24:00","modified_gmt":"2015-05-04T04:24:00","slug":"uber-yes-marina","status":"publish","type":"page","link":"https:\/\/www.yesmarina.com\/de\/uber-yes-marina\/","title":{"rendered":"\u00dcber Yes Marina"},"content":{"rendered":"<div class=\"column one-second mobile-one\"><div class=\"mcb-column-inner\"><a href=\"http:\/\/www.yesmarina.com\/wp-content\/uploads\/2014\/07\/g11.jpg\" data-rel=\"lightbox-image-0\" data-rl_title=\"\" data-rl_caption=\"\" title=\"\"><img loading=\"lazy\" decoding=\"async\" class=\"alignleft size-full wp-image-156\" src=\"http:\/\/www.yesmarina.com\/wp-content\/uploads\/2014\/07\/g11.jpg\" alt=\"Yes Marina Fethiye Turkey\" width=\"655\" height=\"435\" srcset=\"https:\/\/www.yesmarina.com\/wp-content\/uploads\/2014\/07\/g11.jpg 655w, https:\/\/www.yesmarina.com\/wp-content\/uploads\/2014\/07\/g11-300x199.jpg 300w, https:\/\/www.yesmarina.com\/wp-content\/uploads\/2014\/07\/g11-219x146.jpg 219w, https:\/\/www.yesmarina.com\/wp-content\/uploads\/2014\/07\/g11-50x33.jpg 50w, https:\/\/www.yesmarina.com\/wp-content\/uploads\/2014\/07\/g11-576x382.jpg 576w\" sizes=\"auto, (max-width:767px) 480px, 655px\" \/><\/a><\/div><\/div>\n\n<div class=\"column one-second mobile-one\"><div class=\"mcb-column-inner\"><\/p>\n<p>Die Yes Marina liegt im S\u00fcdwestteil der Fethiye bucht, eine Meile westliche des Stadthafens.<\/p>\n<p>K\u00f6nnen bis zu 30 Schiffe mit Moorings oder langsseits bei 3-5 m Tiefe festmachen (maximale Schiffslange 25 m).<\/p>\n<p>Am Steg gibt es Strom (16 amp.) und Wasser.<\/p>\n<p>Man hilft beim Anlegen und gibt technische Unterst\u00fctzung falls notwendig. Heisswasserduschen, Wascherei, Supermarkt und Taxiservice sind ebenso verf\u00fcgbar wie W-LAN oder Computer benutzung.<\/p>\n<p>Alle 5 min halt der \u00f6ffentliche Bus zum Stadtzentrum, zu Fuss ben\u00f6tig man 15 min.Das Restaurant &#8211; Cafe &#8211; bar bietet lecker men\u00fc.<\/p>\n<p>Man spricht English.<\/p>\n<p><\/div><\/div>\n\n","protected":false},"excerpt":{"rendered":"Die Yes Marina liegt im S\u00fcdwestteil der Fethiye bucht, eine Meile westliche des Stadthafens. K\u00f6nnen bis zu 30 Schiffe mit Moorings oder langsseits bei 3-5 m<span class=\"excerpt-hellip\"> [\u2026]<\/span>","protected":false},"author":1,"featured_media":0,"parent":0,"menu_order":0,"comment_status":"open","ping_status":"closed","template":"","meta":{"footnotes":""},"class_list":["post-160","page","type-page","status-publish","hentry"],"aioseo_notices":[],"_links":{"self":[{"href":"https:\/\/www.yesmarina.com\/de\/wp-json\/wp\/v2\/pages\/160","targetHints":{"allow":["GET"]}}],"collection":[{"href":"https:\/\/www.yesmarina.com\/de\/wp-json\/wp\/v2\/pages"}],"about":[{"href":"https:\/\/www.yesmarina.com\/de\/wp-json\/wp\/v2\/types\/page"}],"author":[{"embeddable":true,"href":"https:\/\/www.yesmarina.com\/de\/wp-json\/wp\/v2\/users\/1"}],"replies":[{"embeddable":true,"href":"https:\/\/www.yesmarina.com\/de\/wp-json\/wp\/v2\/comments?post=160"}],"version-history":[{"count":0,"href":"https:\/\/www.yesmarina.com\/de\/wp-json\/wp\/v2\/pages\/160\/revisions"}],"wp:attachment":[{"href":"https:\/\/www.yesmarina.com\/de\/wp-json\/wp\/v2\/media?parent=160"}],"curies":[{"name":"wp","href":"https:\/\/api.w.org\/{rel}","templated":true}]}}